{"id":34,"date":"2024-03-25T13:25:01","date_gmt":"2024-03-25T18:25:01","guid":{"rendered":"https:\/\/sistemasyregistradoras.com\/?page_id=34"},"modified":"2024-03-25T17:24:38","modified_gmt":"2024-03-25T22:24:38","slug":"acerca-de","status":"publish","type":"page","link":"https:\/\/sistemasyregistradoras.com\/?page_id=34","title":{"rendered":"Acerca de"},"content":{"rendered":"\t\t<div data-elementor-type=\"wp-page\" data-elementor-id=\"34\" class=\"elementor elementor-34\">\n\t\t\t\t<div class=\"elementor-element elementor-element-900b570 e-flex e-con-boxed e-con e-parent\" data-id=\"900b570\" data-element_type=\"container\" data-e-type=\"container\">\n\t\t\t\t\t<div class=\"e-con-inner\">\n\t\t\t\t<div class=\"elementor-element elementor-element-6d14dc9 elementor-widget elementor-widget-heading\" data-id=\"6d14dc9\" data-element_type=\"widget\" data-e-type=\"widget\" data-widget_type=\"heading.default\">\n\t\t\t\t<div class=\"elementor-widget-container\">\n\t\t\t\t\t<h4 class=\"elementor-heading-title elementor-size-default\">SISTEMAS POS Y CAJAS REGISTRADORAS.VENTAS Y SOPORTE TECNICO<\/h4>\t\t\t\t<\/div>\n\t\t\t\t<\/div>\n\t\t\t\t\t<\/div>\n\t\t\t\t<\/div>\n\t\t<div class=\"elementor-element elementor-element-f808a5b e-flex e-con-boxed e-con e-parent\" data-id=\"f808a5b\" data-element_type=\"container\" data-e-type=\"container\">\n\t\t\t\t\t<div class=\"e-con-inner\">\n\t\t\t\t<div class=\"elementor-element elementor-element-7dfad89 elementor-widget elementor-widget-text-editor\" data-id=\"7dfad89\" data-element_type=\"widget\" data-e-type=\"widget\" data-widget_type=\"text-editor.default\">\n\t\t\t\t<div class=\"elementor-widget-container\">\n\t\t\t\t\t\t\t\t\t<p>Somos una empresa dedicada a la distribuci\u00f3n y soporte de sistemas de facturaci\u00f3n tanto sistemas pos como cajas registradoras.tenemos una muy estricta selecci\u00f3n de nuestros productos y por ello contamos con una amplia trayectoria de mas de 30 a\u00f1os de experiencia y continuas actualizaciones,al punto de estar a la vanguardia con los continuos requerimientos Dian.<\/p>\t\t\t\t\t\t\t\t<\/div>\n\t\t\t\t<\/div>\n\t\t\t\t\t<\/div>\n\t\t\t\t<\/div>\n\t\t\t\t<\/div>\n\t\t","protected":false},"excerpt":{"rendered":"<p>SISTEMAS POS Y CAJAS REGISTRADORAS.VENTAS Y SOPORTE TECNICO Somos una empresa dedicada a la distribuci\u00f3n y soporte de sistemas de facturaci\u00f3n tanto sistemas pos como cajas registradoras.tenemos una muy estricta selecci\u00f3n de nuestros productos y por ello contamos con una amplia trayectoria de mas de 30 a\u00f1os de experiencia y continuas actualizaciones,al punto de estar&hellip; <a class=\"more-link\" href=\"https:\/\/sistemasyregistradoras.com\/?page_id=34\">Seguir leyendo <span class=\"screen-reader-text\">Acerca de<\/span><\/a><\/p>\n","protected":false},"author":1,"featured_media":0,"parent":0,"menu_order":0,"comment_status":"closed","ping_status":"closed","template":"","meta":{"footnotes":""},"class_list":["post-34","page","type-page","status-publish","hentry","entry"],"_links":{"self":[{"href":"https:\/\/sistemasyregistradoras.com\/index.php?rest_route=\/wp\/v2\/pages\/34","targetHints":{"allow":["GET"]}}],"collection":[{"href":"https:\/\/sistemasyregistradoras.com\/index.php?rest_route=\/wp\/v2\/pages"}],"about":[{"href":"https:\/\/sistemasyregistradoras.com\/index.php?rest_route=\/wp\/v2\/types\/page"}],"author":[{"embeddable":true,"href":"https:\/\/sistemasyregistradoras.com\/index.php?rest_route=\/wp\/v2\/users\/1"}],"replies":[{"embeddable":true,"href":"https:\/\/sistemasyregistradoras.com\/index.php?rest_route=%2Fwp%2Fv2%2Fcomments&post=34"}],"version-history":[{"count":29,"href":"https:\/\/sistemasyregistradoras.com\/index.php?rest_route=\/wp\/v2\/pages\/34\/revisions"}],"predecessor-version":[{"id":113,"href":"https:\/\/sistemasyregistradoras.com\/index.php?rest_route=\/wp\/v2\/pages\/34\/revisions\/113"}],"wp:attachment":[{"href":"https:\/\/sistemasyregistradoras.com\/index.php?rest_route=%2Fwp%2Fv2%2Fmedia&parent=34"}],"curies":[{"name":"wp","href":"https:\/\/api.w.org\/{rel}","templated":true}]}}